{"id":1324,"date":"2023-10-02T14:22:35","date_gmt":"2023-10-02T12:22:35","guid":{"rendered":"https:\/\/www.modellbau-clauss.de\/?page_id=1324"},"modified":"2025-07-16T05:46:43","modified_gmt":"2025-07-16T03:46:43","slug":"sls-verfahren","status":"publish","type":"page","link":"https:\/\/www.modellbau-clauss.de\/index.php\/testseite\/sls-verfahren\/","title":{"rendered":"SLS &#8211; Verfahren"},"content":{"rendered":"\n<h2 class=\"wp-block-heading\">Generative Fertigung durch Selektives Lasersintern<\/h2>\n\n\n\n<ul class=\"wp-block-list\">\n<li>Beim SLS-Verfahren  wird ein pulverf\u00f6rmiges Ausgangsmaterial vollfl\u00e4chig auf eine Bauplattform aufgetragen. Die Schichten werden durch einen Laserstrahl schrittweise in das Pulverbett gesintert. Nach Fertigstellung einer Schicht wird die Bauplattform herabgesenkt und eine neue Pulverschicht wird aufgebracht.\n<ul class=\"wp-block-list\">\n<li><\/li>\n<\/ul>\n<\/li>\n<\/ul>\n\n\n\n<p><\/p>\n\n\n\n<div class=\"wp-block-media-text alignwide is-stacked-on-mobile\" style=\"grid-template-columns:36% auto\"><figure class=\"wp-block-media-text__media\"><img loading=\"lazy\" decoding=\"async\" width=\"1024\" height=\"576\" src=\"https:\/\/www.modellbau-clauss.de\/wp-content\/uploads\/2023\/11\/fuse-hintergrund-weiss-1024x576.png\" alt=\"\" class=\"wp-image-1630 size-full\" srcset=\"https:\/\/www.modellbau-clauss.de\/wp-content\/uploads\/2023\/11\/fuse-hintergrund-weiss-1024x576.png 1024w, https:\/\/www.modellbau-clauss.de\/wp-content\/uploads\/2023\/11\/fuse-hintergrund-weiss-300x169.png 300w, https:\/\/www.modellbau-clauss.de\/wp-content\/uploads\/2023\/11\/fuse-hintergrund-weiss-768x432.png 768w, https:\/\/www.modellbau-clauss.de\/wp-content\/uploads\/2023\/11\/fuse-hintergrund-weiss-1536x864.png 1536w, https:\/\/www.modellbau-clauss.de\/wp-content\/uploads\/2023\/11\/fuse-hintergrund-weiss.png 1920w\" sizes=\"auto, (max-width: 1024px) 100vw, 1024px\" \/><\/figure><div class=\"wp-block-media-text__content\">\n<p class=\"has-large-font-size\"><strong>Fuse 1+ 30W<\/strong><\/p>\n\n\n\n<p>Bauraumabmessung 165mm x 165mm x 300mm<\/p>\n<\/div><\/div>\n\n\n\n<p><\/p>\n\n\n\n<figure class=\"wp-block-table is-style-stripes\"><table><tbody><tr><td><strong>Material<\/strong><\/td><td><strong>Eigenschaften<\/strong><\/td><\/tr><tr><td><a href=\"https:\/\/www.modellbau-clauss.de\/wp-content\/uploads\/2023\/10\/PA12-TDS-DE-0.pdf\" data-type=\"URL\" data-id=\"https:\/\/www.modellbau-clauss.de\/wp-content\/uploads\/2023\/10\/PA12-TDS-DE-0.pdf\" target=\"_blank\" rel=\"noreferrer noopener\">Nylon 12 (Pa12)<\/a><\/td><td>&#8211; hohe Z\u00e4higkeit<br>&#8211; geringe Feuchteaufnahme<br>&#8211; gute Ma\u00dfhatigkeit<\/td><\/tr><\/tbody><\/table><\/figure>\n\n\n\n<h2 class=\"wp-block-heading\">\u00dcberzeugen Sie sich selbst!<\/h2>\n\n\n\n<div class=\"wp-block-columns is-layout-flex wp-container-core-columns-is-layout-9d6595d7 wp-block-columns-is-layout-flex\">\n<div class=\"wp-block-column is-layout-flow wp-block-column-is-layout-flow\">\n<figure class=\"wp-block-image size-large\"><img loading=\"lazy\" decoding=\"async\" width=\"1024\" height=\"709\" src=\"https:\/\/www.modellbau-clauss.de\/wp-content\/uploads\/2023\/11\/beispielbilder-formlabs-1024x709.webp\" alt=\"\" class=\"wp-image-1687\" srcset=\"https:\/\/www.modellbau-clauss.de\/wp-content\/uploads\/2023\/11\/beispielbilder-formlabs-1024x709.webp 1024w, https:\/\/www.modellbau-clauss.de\/wp-content\/uploads\/2023\/11\/beispielbilder-formlabs-300x208.webp 300w, https:\/\/www.modellbau-clauss.de\/wp-content\/uploads\/2023\/11\/beispielbilder-formlabs-768x531.webp 768w, https:\/\/www.modellbau-clauss.de\/wp-content\/uploads\/2023\/11\/beispielbilder-formlabs.webp 1354w\" sizes=\"auto, (max-width: 1024px) 100vw, 1024px\" \/><figcaption class=\"wp-element-caption\">Quelle: Formlabs Inc.<\/figcaption><\/figure>\n<\/div>\n\n\n\n<div class=\"wp-block-column is-layout-flow wp-block-column-is-layout-flow\"><div class=\"wp-block-image\">\n<figure class=\"aligncenter size-large is-resized\"><img loading=\"lazy\" decoding=\"async\" width=\"707\" height=\"1024\" src=\"https:\/\/www.modellbau-clauss.de\/wp-content\/uploads\/2023\/11\/nylon-12-groupshot-707x1024.webp\" alt=\"\" class=\"wp-image-1688\" style=\"aspect-ratio:0.6904296875;width:322px;height:auto\" srcset=\"https:\/\/www.modellbau-clauss.de\/wp-content\/uploads\/2023\/11\/nylon-12-groupshot-707x1024.webp 707w, https:\/\/www.modellbau-clauss.de\/wp-content\/uploads\/2023\/11\/nylon-12-groupshot-207x300.webp 207w, https:\/\/www.modellbau-clauss.de\/wp-content\/uploads\/2023\/11\/nylon-12-groupshot-768x1113.webp 768w, https:\/\/www.modellbau-clauss.de\/wp-content\/uploads\/2023\/11\/nylon-12-groupshot-1060x1536.webp 1060w, https:\/\/www.modellbau-clauss.de\/wp-content\/uploads\/2023\/11\/nylon-12-groupshot.webp 1354w\" sizes=\"auto, (max-width: 707px) 100vw, 707px\" \/><figcaption class=\"wp-element-caption\">Quelle: Formlabs Inc.<\/figcaption><\/figure>\n<\/div><\/div>\n<\/div>\n","protected":false},"excerpt":{"rendered":"<p>Generative Fertigung durch Selektives Lasersintern Fuse 1+ 30W Bauraumabmessung 165mm x 165mm x 300mm Material Eigenschaften Nylon 12 (Pa12) &#8211; hohe Z\u00e4higkeit&#8211; geringe Feuchteaufnahme&#8211; gute Ma\u00dfhatigkeit \u00dcberzeugen Sie sich selbst!<\/p>\n","protected":false},"author":1,"featured_media":0,"parent":1310,"menu_order":3,"comment_status":"closed","ping_status":"closed","template":"","meta":{"footnotes":""},"class_list":["post-1324","page","type-page","status-publish","hentry"],"_links":{"self":[{"href":"https:\/\/www.modellbau-clauss.de\/index.php\/wp-json\/wp\/v2\/pages\/1324","targetHints":{"allow":["GET"]}}],"collection":[{"href":"https:\/\/www.modellbau-clauss.de\/index.php\/wp-json\/wp\/v2\/pages"}],"about":[{"href":"https:\/\/www.modellbau-clauss.de\/index.php\/wp-json\/wp\/v2\/types\/page"}],"author":[{"embeddable":true,"href":"https:\/\/www.modellbau-clauss.de\/index.php\/wp-json\/wp\/v2\/users\/1"}],"replies":[{"embeddable":true,"href":"https:\/\/www.modellbau-clauss.de\/index.php\/wp-json\/wp\/v2\/comments?post=1324"}],"version-history":[{"count":22,"href":"https:\/\/www.modellbau-clauss.de\/index.php\/wp-json\/wp\/v2\/pages\/1324\/revisions"}],"predecessor-version":[{"id":1811,"href":"https:\/\/www.modellbau-clauss.de\/index.php\/wp-json\/wp\/v2\/pages\/1324\/revisions\/1811"}],"up":[{"embeddable":true,"href":"https:\/\/www.modellbau-clauss.de\/index.php\/wp-json\/wp\/v2\/pages\/1310"}],"wp:attachment":[{"href":"https:\/\/www.modellbau-clauss.de\/index.php\/wp-json\/wp\/v2\/media?parent=1324"}],"curies":[{"name":"wp","href":"https:\/\/api.w.org\/{rel}","templated":true}]}}