{"id":18,"date":"2016-03-21T10:42:10","date_gmt":"2016-03-21T09:42:10","guid":{"rendered":"http:\/\/test.modellbau-clauss.de\/?page_id=18"},"modified":"2017-06-11T10:53:23","modified_gmt":"2017-06-11T08:53:23","slug":"ueber-uns","status":"publish","type":"page","link":"https:\/\/www.modellbau-clauss.de\/index.php\/ueber-uns\/","title":{"rendered":"\u00dcber uns"},"content":{"rendered":"<table>\n<tbody>\n<tr>\n<td><img loading=\"lazy\" decoding=\"async\" class=\"aligncenter wp-image-19 size-full\" src=\"https:\/\/www.modellbau-clauss.de\/wp-content\/uploads\/2016\/03\/Modellbau-Clauss-Antik_8.jpg\" alt=\"Modellbau Friedrich Clau\u00df\" width=\"300\" height=\"225\" srcset=\"https:\/\/www.modellbau-clauss.de\/wp-content\/uploads\/2016\/03\/Modellbau-Clauss-Antik_8.jpg 300w, https:\/\/www.modellbau-clauss.de\/wp-content\/uploads\/2016\/03\/Modellbau-Clauss-Antik_8-250x188.jpg 250w\" sizes=\"auto, (max-width: 300px) 100vw, 300px\" \/><\/td>\n<td><img loading=\"lazy\" decoding=\"async\" class=\"aligncenter wp-image-384\" src=\"https:\/\/www.modellbau-clauss.de\/wp-content\/uploads\/2016\/07\/altes-Foto.jpg\" alt=\"\" width=\"361\" height=\"225\" srcset=\"https:\/\/www.modellbau-clauss.de\/wp-content\/uploads\/2016\/07\/altes-Foto.jpg 3080w, https:\/\/www.modellbau-clauss.de\/wp-content\/uploads\/2016\/07\/altes-Foto-300x187.jpg 300w, https:\/\/www.modellbau-clauss.de\/wp-content\/uploads\/2016\/07\/altes-Foto-768x479.jpg 768w, https:\/\/www.modellbau-clauss.de\/wp-content\/uploads\/2016\/07\/altes-Foto-1024x638.jpg 1024w\" sizes=\"auto, (max-width: 361px) 100vw, 361px\" \/><\/td>\n<\/tr>\n<\/tbody>\n<\/table>\n<div style=\"clear: both;\">\n<p style=\"text-align: center;\">1948 gr\u00fcndete Friedrich Clau\u00df den Betrieb als Tischlerei und Modellbau. Nach kurzer Zeit wurden mit sechs Mitarbeitern nur noch Gie\u00dfereimodelle aus Holz hergestellt.<\/p>\n<\/div>\n<table>\n<tbody>\n<tr>\n<td><img loading=\"lazy\" decoding=\"async\" class=\"aligncenter wp-image-506\" src=\"https:\/\/www.modellbau-clauss.de\/wp-content\/uploads\/2016\/03\/Erste-CNC-Fraese-1995-Auerbach-FUW-1005.jpg\" alt=\"Erste CNC Fr\u00e4se 1995 Auerbach FUW 1005\" width=\"315\" height=\"225\" srcset=\"https:\/\/www.modellbau-clauss.de\/wp-content\/uploads\/2016\/03\/Erste-CNC-Fraese-1995-Auerbach-FUW-1005.jpg 1660w, https:\/\/www.modellbau-clauss.de\/wp-content\/uploads\/2016\/03\/Erste-CNC-Fraese-1995-Auerbach-FUW-1005-300x214.jpg 300w, https:\/\/www.modellbau-clauss.de\/wp-content\/uploads\/2016\/03\/Erste-CNC-Fraese-1995-Auerbach-FUW-1005-768x548.jpg 768w, https:\/\/www.modellbau-clauss.de\/wp-content\/uploads\/2016\/03\/Erste-CNC-Fraese-1995-Auerbach-FUW-1005-1024x730.jpg 1024w\" sizes=\"auto, (max-width: 315px) 100vw, 315px\" \/><\/td>\n<td><img loading=\"lazy\" decoding=\"async\" class=\"aligncenter wp-image-23 size-full\" src=\"https:\/\/www.modellbau-clauss.de\/wp-content\/uploads\/2016\/03\/Modellbau-Clauss-Antik_1.jpg\" alt=\"\" width=\"300\" height=\"225\" srcset=\"https:\/\/www.modellbau-clauss.de\/wp-content\/uploads\/2016\/03\/Modellbau-Clauss-Antik_1.jpg 300w, https:\/\/www.modellbau-clauss.de\/wp-content\/uploads\/2016\/03\/Modellbau-Clauss-Antik_1-250x188.jpg 250w\" sizes=\"auto, (max-width: 300px) 100vw, 300px\" \/><\/td>\n<\/tr>\n<\/tbody>\n<\/table>\n<div style=\"clear: both;\">\n<p style=\"text-align: center;\">Seit 1990 z\u00e4hlen ebenfalls Kunststoffmodelle und mit dem Kauf der ersten CNC-Maschine im Jahre 1995 auch Metallmodelle mit zu unserem Fertigungsprogramm.<\/p>\n<p><img loading=\"lazy\" decoding=\"async\" class=\"aligncenter wp-image-200 size-large\" src=\"https:\/\/www.modellbau-clauss.de\/wp-content\/uploads\/2016\/03\/P1000147-1024x302.jpg\" alt=\"P1000147\" width=\"604\" height=\"178\" srcset=\"https:\/\/www.modellbau-clauss.de\/wp-content\/uploads\/2016\/03\/P1000147-1024x302.jpg 1024w, https:\/\/www.modellbau-clauss.de\/wp-content\/uploads\/2016\/03\/P1000147-300x89.jpg 300w, https:\/\/www.modellbau-clauss.de\/wp-content\/uploads\/2016\/03\/P1000147-768x227.jpg 768w, https:\/\/www.modellbau-clauss.de\/wp-content\/uploads\/2016\/03\/P1000147-250x74.jpg 250w\" sizes=\"auto, (max-width: 604px) 100vw, 604px\" \/><\/p>\n<\/div>\n<div style=\"clear: both; text-align: center;\">Zur Zeit werden mit \u00fcber 30 Mitarbeitern und durchschnittlich drei Auszubildenden auf einer Produktionsfl\u00e4che von ca. 3200 m\u00b2 Modelleinrichtungen in beliebiger Gr\u00f6\u00dfe, Bauart und Schwierigkeitsgrad produziert.<\/div>\n","protected":false},"excerpt":{"rendered":"<p>1948 gr\u00fcndete Friedrich Clau\u00df den Betrieb als Tischlerei und Modellbau. Nach kurzer Zeit wurden mit sechs Mitarbeitern nur noch Gie\u00dfereimodelle aus Holz hergestellt. Seit 1990 z\u00e4hlen ebenfalls Kunststoffmodelle und mit dem Kauf<a class=\"moretag\" href=\"https:\/\/www.modellbau-clauss.de\/index.php\/ueber-uns\/\">Read More&#8230;<\/a><\/p>\n","protected":false},"author":1,"featured_media":0,"parent":0,"menu_order":2,"comment_status":"closed","ping_status":"closed","template":"","meta":{"footnotes":""},"class_list":["post-18","page","type-page","status-publish","hentry"],"_links":{"self":[{"href":"https:\/\/www.modellbau-clauss.de\/index.php\/wp-json\/wp\/v2\/pages\/18","targetHints":{"allow":["GET"]}}],"collection":[{"href":"https:\/\/www.modellbau-clauss.de\/index.php\/wp-json\/wp\/v2\/pages"}],"about":[{"href":"https:\/\/www.modellbau-clauss.de\/index.php\/wp-json\/wp\/v2\/types\/page"}],"author":[{"embeddable":true,"href":"https:\/\/www.modellbau-clauss.de\/index.php\/wp-json\/wp\/v2\/users\/1"}],"replies":[{"embeddable":true,"href":"https:\/\/www.modellbau-clauss.de\/index.php\/wp-json\/wp\/v2\/comments?post=18"}],"version-history":[{"count":0,"href":"https:\/\/www.modellbau-clauss.de\/index.php\/wp-json\/wp\/v2\/pages\/18\/revisions"}],"wp:attachment":[{"href":"https:\/\/www.modellbau-clauss.de\/index.php\/wp-json\/wp\/v2\/media?parent=18"}],"curies":[{"name":"wp","href":"https:\/\/api.w.org\/{rel}","templated":true}]}}