{"id":2,"date":"2016-03-18T10:58:41","date_gmt":"2016-03-18T09:58:41","guid":{"rendered":"http:\/\/test.modellbau-clauss.de\/?page_id=2"},"modified":"2025-11-14T11:24:54","modified_gmt":"2025-11-14T10:24:54","slug":"beispiel-seite","status":"publish","type":"page","link":"https:\/\/www.modellbau-clauss.de\/","title":{"rendered":"Home"},"content":{"rendered":"\n<h5 class=\"wp-block-heading has-text-align-center\"><span style=\"font-family: arial, helvetica, sans-serif; font-size: 20pt;\">Herzlich Willkommen bei Modellbau Clau\u00df<\/span><\/h5>\n\n\n\n<p class=\"has-text-align-center\"><strong>Ihr zuverl\u00e4ssiger Partner f\u00fcr:<\/strong><\/p>\n\n\n\n<div class=\"wp-block-buttons is-content-justification-center is-layout-flex wp-container-core-buttons-is-layout-16018d1d wp-block-buttons-is-layout-flex\">\n<div class=\"wp-block-button is-style-fill\"><a class=\"wp-block-button__link has-white-color has-text-color wp-element-button\" href=\"https:\/\/www.modellbau-clauss.de\/index.php\/produkte\/giessereimodellebau\/\">Gie\u00dfereimodelle<\/a><\/div>\n\n\n\n<div class=\"wp-block-button\"><a class=\"wp-block-button__link has-white-color has-text-color wp-element-button\" href=\"https:\/\/www.modellbau-clauss.de\/index.php\/produkte\/formenbau\/\">Formen &amp; Werkzeugbau<\/a><\/div>\n\n\n\n<div class=\"wp-block-button\"><a class=\"wp-block-button__link has-white-color has-text-color wp-element-button\" href=\"https:\/\/www.modellbau-clauss.de\/index.php\/produkte\/prototypen\/\">Prototypen<\/a><\/div>\n\n\n\n<div class=\"wp-block-button\"><a class=\"wp-block-button__link has-white-color has-text-color wp-element-button\" href=\"https:\/\/www.modellbau-clauss.de\/index.php\/leistungen\/fraesbearbeitung\/\">Mechanische Fertigung <\/a><\/div>\n\n\n\n<div class=\"wp-block-button\"><a class=\"wp-block-button__link has-white-color has-text-color wp-element-button\" href=\"https:\/\/www.modellbau-clauss.de\/index.php\/vorrichtungsbau\/\">Vorrichtungsbau<\/a><\/div>\n\n\n\n<div class=\"wp-block-button\"><a class=\"wp-block-button__link has-white-color has-text-color wp-element-button\" href=\"https:\/\/www.modellbau-clauss.de\/index.php\/testseite\/\">Additive Fertigung<\/a><\/div>\n<\/div>\n\n\n<div class=\"wp-block-image\">\n<figure class=\"aligncenter size-large\"><img loading=\"lazy\" decoding=\"async\" width=\"1024\" height=\"682\" src=\"https:\/\/www.modellbau-clauss.de\/wp-content\/uploads\/2023\/10\/Modellbau_clauss-8-1024x682.jpeg\" alt=\"\" class=\"wp-image-1597\" style=\"aspect-ratio:4\/3;object-fit:contain\" srcset=\"https:\/\/www.modellbau-clauss.de\/wp-content\/uploads\/2023\/10\/Modellbau_clauss-8-1024x682.jpeg 1024w, https:\/\/www.modellbau-clauss.de\/wp-content\/uploads\/2023\/10\/Modellbau_clauss-8-300x200.jpeg 300w, https:\/\/www.modellbau-clauss.de\/wp-content\/uploads\/2023\/10\/Modellbau_clauss-8-768x512.jpeg 768w, https:\/\/www.modellbau-clauss.de\/wp-content\/uploads\/2023\/10\/Modellbau_clauss-8-1536x1023.jpeg 1536w, https:\/\/www.modellbau-clauss.de\/wp-content\/uploads\/2023\/10\/Modellbau_clauss-8-2048x1364.jpeg 2048w\" sizes=\"auto, (max-width: 1024px) 100vw, 1024px\" \/><\/figure>\n<\/div>\n\n\n<p class=\"has-text-align-center\"><span style=\"color: #000000;\"><span style=\"font-family: Comic Sans MS; font-size: x-large;\"><\/span><\/span><\/p>\n\n\n\n<p class=\"has-text-align-center\" style=\"font-size:20px\"><strong>Modellbau Clau\u00df GmbH &amp; Co. KG<br>S\u00fcdstra\u00dfe 16<br>D-09221 Neukirchen<br>Telefon: +49 &#8211; (0)371-278076 0<br>Telefax: +49 &#8211; (0)371-278076 24<br>e-Mail: info@modellbau-clauss.de<\/strong><\/p>\n\n\n\n<figure class=\"wp-block-video\"><video height=\"720\" style=\"aspect-ratio: 1280 \/ 720;\" width=\"1280\" autoplay controls loop muted src=\"https:\/\/www.modellbau-clauss.de\/wp-content\/uploads\/2025\/11\/Kurzvideo-Website-Durchflug-Halle.mp4\"><\/video><\/figure>\n\n\n\n<div class=\"wp-block-buttons is-layout-flex wp-block-buttons-is-layout-flex\">\n<div class=\"wp-block-button\"><a class=\"wp-block-button__link wp-element-button\" href=\"https:\/\/www.modellbau-clauss.de\/wp-content\/uploads\/2025\/11\/Vorstellungsvideo-Deutsch-Fokus-Modellbau.mp4\">Firmenpr\u00e4sentation Deutsch<\/a><\/div>\n<\/div>\n\n\n\n<p><\/p>\n\n\n\n<div class=\"wp-block-buttons is-layout-flex wp-block-buttons-is-layout-flex\">\n<div class=\"wp-block-button\"><a class=\"wp-block-button__link wp-element-button\" href=\"https:\/\/www.modellbau-clauss.de\/wp-content\/uploads\/2025\/11\/Vorstellungsvideo-Englisch-Fokus-Modellbau1.mp4\">Company Presentation Video English<\/a><\/div>\n<\/div>\n\n\n\n<p class=\"popmake-1792\"><\/p>\n\n\n\n<p><\/p>\n","protected":false},"excerpt":{"rendered":"<p>Herzlich Willkommen bei Modellbau Clau\u00df Ihr zuverl\u00e4ssiger Partner f\u00fcr: Modellbau Clau\u00df GmbH &amp; Co. KGS\u00fcdstra\u00dfe 16D-09221 NeukirchenTelefon: +49 &#8211; (0)371-278076 0Telefax: +49 &#8211; (0)371-278076 24e-Mail: info@modellbau-clauss.de<\/p>\n","protected":false},"author":1,"featured_media":0,"parent":0,"menu_order":1,"comment_status":"closed","ping_status":"closed","template":"","meta":{"footnotes":""},"class_list":["post-2","page","type-page","status-publish","hentry"],"_links":{"self":[{"href":"https:\/\/www.modellbau-clauss.de\/index.php\/wp-json\/wp\/v2\/pages\/2","targetHints":{"allow":["GET"]}}],"collection":[{"href":"https:\/\/www.modellbau-clauss.de\/index.php\/wp-json\/wp\/v2\/pages"}],"about":[{"href":"https:\/\/www.modellbau-clauss.de\/index.php\/wp-json\/wp\/v2\/types\/page"}],"author":[{"embeddable":true,"href":"https:\/\/www.modellbau-clauss.de\/index.php\/wp-json\/wp\/v2\/users\/1"}],"replies":[{"embeddable":true,"href":"https:\/\/www.modellbau-clauss.de\/index.php\/wp-json\/wp\/v2\/comments?post=2"}],"version-history":[{"count":25,"href":"https:\/\/www.modellbau-clauss.de\/index.php\/wp-json\/wp\/v2\/pages\/2\/revisions"}],"predecessor-version":[{"id":1879,"href":"https:\/\/www.modellbau-clauss.de\/index.php\/wp-json\/wp\/v2\/pages\/2\/revisions\/1879"}],"wp:attachment":[{"href":"https:\/\/www.modellbau-clauss.de\/index.php\/wp-json\/wp\/v2\/media?parent=2"}],"curies":[{"name":"wp","href":"https:\/\/api.w.org\/{rel}","templated":true}]}}