{"id":46,"date":"2016-03-21T11:53:56","date_gmt":"2016-03-21T10:53:56","guid":{"rendered":"http:\/\/test.modellbau-clauss.de\/?page_id=46"},"modified":"2025-07-22T06:55:35","modified_gmt":"2025-07-22T04:55:35","slug":"ausbildung","status":"publish","type":"page","link":"https:\/\/www.modellbau-clauss.de\/index.php\/ausbildung\/","title":{"rendered":"Ausbildung und Karriere"},"content":{"rendered":"\n<h2 class=\"wp-block-heading\">Berufsausbildung zum technischen Modellbauer <\/h2>\n\n\n<p><img loading=\"lazy\" decoding=\"async\" class=\"alignleft size-full wp-image-395\" src=\"http:\/\/test.modellbau-clauss.de\/wp-content\/uploads\/2016\/07\/Handwerkzeuge3.jpg\" alt=\"Handwerkzeuge3\" width=\"1200\" height=\"400\" srcset=\"https:\/\/www.modellbau-clauss.de\/wp-content\/uploads\/2016\/07\/Handwerkzeuge3.jpg 1200w, https:\/\/www.modellbau-clauss.de\/wp-content\/uploads\/2016\/07\/Handwerkzeuge3-300x100.jpg 300w, https:\/\/www.modellbau-clauss.de\/wp-content\/uploads\/2016\/07\/Handwerkzeuge3-768x256.jpg 768w, https:\/\/www.modellbau-clauss.de\/wp-content\/uploads\/2016\/07\/Handwerkzeuge3-1024x341.jpg 1024w\" sizes=\"auto, (max-width: 1200px) 100vw, 1200px\" \/><\/p>\n<\/p>\n<p><span style=\"color: #008000; font-size: 21px;\">Berufliche Qualifikation<\/span><\/p>\n<ul>\n<li>Herstellen von Produktionsmodellen als Vorlage f\u00fcr die Einzel- und Serienfertigung, sowie f\u00fcr den Formen und Werkzeugbau,<br \/>unter Anwenden von manuellen und maschinellen Fertigungsmethoden.<\/li>\n<li>Ber\u00fccksichtigen der Sicherheit und des Gesundheitsschutzes bei der Arbeit sowie des Umweltschutzes<\/li>\n<li>Be- und Verarbeiten von Werk- und Hilfsstoffen<\/li>\n<li>Planen und Konstruieren von Produkten des Produktionsmodellbaues<\/li>\n<li>Erstellen von Fertigungsunterlagen, Festlegen von Fertigungsverfahren<\/li>\n<li>Einrichten, Bedienen und Instandhalten von Werkzeugen, Ger\u00e4ten, Maschinen und technischen Einrichtungen<\/li>\n<li>Anwenden computergest\u00fctzter Fertigungsverfahren<\/li>\n<li>Herstellen von Mustern, Prototypen oder Fertigungseinrichtungen<\/li>\n<li>Anwenden von Steuerungstechnik<\/li>\n<li>\u00c4ndern und Instandsetzen von Modellen, Modelleinrichtungen, Formen oder Fertigungseinrichtungen<\/li>\n<li>Pr\u00fcfen von Produktionsmodellen oder Formen<\/li>\n<\/ul>\n<p><span style=\"font-size: 21px; color: #008000;\">Voraussetzungen<\/span><\/p>\n<ul>\n<li>Vorliebe zur Handwerklichen T\u00e4tigkeit<\/li>\n<li>Gute Kenntnisse in Naturwissenschaftlichen F\u00e4chern<\/li>\n<li>Teamf\u00e4higkeit<\/li>\n<\/ul>\n<p><strong>M\u00f6chtest du mehr erfahren oder einmal reinschnuppern?<\/strong><\/p>\n<p>\u2192 Meld dich einfach unter 0371-2780760 oder info@modellbau-clauss.de<\/p>\n\n\n<h2 class=\"wp-block-heading\">Karriere und aktuelle Stellenangebote<\/h2>\n\n\n\n<figure class=\"wp-block-image size-large is-resized\"><img loading=\"lazy\" decoding=\"async\" width=\"1024\" height=\"1024\" src=\"https:\/\/www.modellbau-clauss.de\/wp-content\/uploads\/2025\/07\/Dreher-Fraeser_2-1024x1024.png\" alt=\"\" class=\"wp-image-1823\" style=\"width:330px\" srcset=\"https:\/\/www.modellbau-clauss.de\/wp-content\/uploads\/2025\/07\/Dreher-Fraeser_2-1024x1024.png 1024w, https:\/\/www.modellbau-clauss.de\/wp-content\/uploads\/2025\/07\/Dreher-Fraeser_2-300x300.png 300w, https:\/\/www.modellbau-clauss.de\/wp-content\/uploads\/2025\/07\/Dreher-Fraeser_2-150x150.png 150w, https:\/\/www.modellbau-clauss.de\/wp-content\/uploads\/2025\/07\/Dreher-Fraeser_2-768x768.png 768w, https:\/\/www.modellbau-clauss.de\/wp-content\/uploads\/2025\/07\/Dreher-Fraeser_2.png 1080w\" sizes=\"auto, (max-width: 1024px) 100vw, 1024px\" \/><\/figure>\n\n\n\n<figure class=\"wp-block-image size-full is-resized\"><img loading=\"lazy\" decoding=\"async\" width=\"1020\" height=\"1024\" src=\"https:\/\/www.modellbau-clauss.de\/wp-content\/uploads\/2025\/07\/1753159917728-5d09e6dc-59e7-4ec7-bc57-b7fbe53c96bd_1-1.jpg\" alt=\"\" class=\"wp-image-1839\" style=\"width:330px\" srcset=\"https:\/\/www.modellbau-clauss.de\/wp-content\/uploads\/2025\/07\/1753159917728-5d09e6dc-59e7-4ec7-bc57-b7fbe53c96bd_1-1.jpg 1020w, https:\/\/www.modellbau-clauss.de\/wp-content\/uploads\/2025\/07\/1753159917728-5d09e6dc-59e7-4ec7-bc57-b7fbe53c96bd_1-1-300x300.jpg 300w, https:\/\/www.modellbau-clauss.de\/wp-content\/uploads\/2025\/07\/1753159917728-5d09e6dc-59e7-4ec7-bc57-b7fbe53c96bd_1-1-150x150.jpg 150w, https:\/\/www.modellbau-clauss.de\/wp-content\/uploads\/2025\/07\/1753159917728-5d09e6dc-59e7-4ec7-bc57-b7fbe53c96bd_1-1-768x771.jpg 768w\" sizes=\"auto, (max-width: 1020px) 100vw, 1020px\" \/><\/figure>\n\n\n\n<p><\/p>\n","protected":false},"excerpt":{"rendered":"<p>Berufsausbildung zum technischen Modellbauer Berufliche Qualifikation Herstellen von Produktionsmodellen als Vorlage f\u00fcr die Einzel- und Serienfertigung, sowie f\u00fcr den Formen und Werkzeugbau,unter Anwenden von manuellen und maschinellen Fertigungsmethoden. Ber\u00fccksichtigen der Sicherheit und<a class=\"moretag\" href=\"https:\/\/www.modellbau-clauss.de\/index.php\/ausbildung\/\">Read More&#8230;<\/a><\/p>\n","protected":false},"author":1,"featured_media":0,"parent":0,"menu_order":7,"comment_status":"closed","ping_status":"closed","template":"","meta":{"footnotes":""},"class_list":["post-46","page","type-page","status-publish","hentry"],"_links":{"self":[{"href":"https:\/\/www.modellbau-clauss.de\/index.php\/wp-json\/wp\/v2\/pages\/46","targetHints":{"allow":["GET"]}}],"collection":[{"href":"https:\/\/www.modellbau-clauss.de\/index.php\/wp-json\/wp\/v2\/pages"}],"about":[{"href":"https:\/\/www.modellbau-clauss.de\/index.php\/wp-json\/wp\/v2\/types\/page"}],"author":[{"embeddable":true,"href":"https:\/\/www.modellbau-clauss.de\/index.php\/wp-json\/wp\/v2\/users\/1"}],"replies":[{"embeddable":true,"href":"https:\/\/www.modellbau-clauss.de\/index.php\/wp-json\/wp\/v2\/comments?post=46"}],"version-history":[{"count":14,"href":"https:\/\/www.modellbau-clauss.de\/index.php\/wp-json\/wp\/v2\/pages\/46\/revisions"}],"predecessor-version":[{"id":1840,"href":"https:\/\/www.modellbau-clauss.de\/index.php\/wp-json\/wp\/v2\/pages\/46\/revisions\/1840"}],"wp:attachment":[{"href":"https:\/\/www.modellbau-clauss.de\/index.php\/wp-json\/wp\/v2\/media?parent=46"}],"curies":[{"name":"wp","href":"https:\/\/api.w.org\/{rel}","templated":true}]}}