{"id":54,"date":"2016-03-21T12:01:07","date_gmt":"2016-03-21T11:01:07","guid":{"rendered":"http:\/\/test.modellbau-clauss.de\/?page_id=54"},"modified":"2016-07-17T16:47:12","modified_gmt":"2016-07-17T14:47:12","slug":"messdienstleistung","status":"publish","type":"page","link":"https:\/\/www.modellbau-clauss.de\/index.php\/leistungen\/messdienstleistung\/","title":{"rendered":"Messdienstleistung"},"content":{"rendered":"<div id=\"metaslider-id-310\" style=\"max-width: 700px;\" class=\"ml-slider-3-108-0 metaslider metaslider-flex metaslider-310 ml-slider has-dots-nav ms-theme-default\" role=\"region\" aria-label=\"Dia-Messen\" data-height=\"300\" data-width=\"700\">\n    <div id=\"metaslider_container_310\">\n        <div id=\"metaslider_310\">\n            <ul class='slides'>\n                <li style=\"display: block; width: 100%;\" class=\"slide-198 ms-image \" aria-roledescription=\"slide\" data-date=\"2016-03-28 16:44:04\" data-filename=\"DSC03918-e1478197481155.jpg\" data-slide-type=\"image\"><img loading=\"lazy\" decoding=\"async\" width=\"1000\" height=\"1333\" src=\"https:\/\/www.modellbau-clauss.de\/wp-content\/uploads\/2016\/03\/DSC03918-e1478197481155.jpg\" class=\"slider-310 slide-198 msDefaultImage\" alt=\"\" rel=\"\" title=\"\" style=\"margin: 0 auto; width: 32.1508948666%\" \/><div class=\"caption-wrap\"><div class=\"caption\">Portalmessmaschine f\u00fcr individuelle Anwendungsbereiche<\/div><\/div><\/li>\n                <li style=\"display: none; width: 100%;\" class=\"slide-197 ms-image \" aria-roledescription=\"slide\" data-date=\"2016-03-28 16:43:52\" data-filename=\"Scanarm-HD.jpg\" data-slide-type=\"image\"><img loading=\"lazy\" decoding=\"async\" width=\"404\" height=\"561\" src=\"https:\/\/www.modellbau-clauss.de\/wp-content\/uploads\/2016\/03\/Scanarm-HD.jpg\" class=\"slider-310 slide-197 msDefaultImage\" alt=\"\" rel=\"\" title=\"\" style=\"margin: 0 auto; width: 30.8632543927%\" srcset=\"https:\/\/www.modellbau-clauss.de\/wp-content\/uploads\/2016\/03\/Scanarm-HD.jpg 404w, https:\/\/www.modellbau-clauss.de\/wp-content\/uploads\/2016\/03\/Scanarm-HD-216x300.jpg 216w, https:\/\/www.modellbau-clauss.de\/wp-content\/uploads\/2016\/03\/Scanarm-HD-250x347.jpg 250w\" sizes=\"auto, (max-width: 404px) 100vw, 404px\" \/><\/li>\n                <li style=\"display: none; width: 100%;\" class=\"slide-383 ms-image \" aria-roledescription=\"slide\" data-date=\"2016-07-17 17:08:10\" data-filename=\"QS.jpg\" data-slide-type=\"image\"><img loading=\"lazy\" decoding=\"async\" width=\"4608\" height=\"3456\" src=\"https:\/\/www.modellbau-clauss.de\/wp-content\/uploads\/2016\/07\/QS.jpg\" class=\"slider-310 slide-383 msDefaultImage\" alt=\"\" rel=\"\" title=\"\" style=\"margin: 0 auto; width: 57.1428571429%\" srcset=\"https:\/\/www.modellbau-clauss.de\/wp-content\/uploads\/2016\/07\/QS.jpg 4608w, https:\/\/www.modellbau-clauss.de\/wp-content\/uploads\/2016\/07\/QS-300x225.jpg 300w, https:\/\/www.modellbau-clauss.de\/wp-content\/uploads\/2016\/07\/QS-768x576.jpg 768w, https:\/\/www.modellbau-clauss.de\/wp-content\/uploads\/2016\/07\/QS-1024x768.jpg 1024w\" sizes=\"auto, (max-width: 4608px) 100vw, 4608px\" \/><\/li>\n                <li style=\"display: none; width: 100%;\" class=\"slide-205 ms-image \" aria-roledescription=\"slide\" data-date=\"2016-03-28 16:44:59\" data-filename=\"faroarm-4.jpg\" data-slide-type=\"image\"><img loading=\"lazy\" decoding=\"async\" width=\"590\" height=\"402\" src=\"https:\/\/www.modellbau-clauss.de\/wp-content\/uploads\/2016\/03\/faroarm-4.jpg\" class=\"slider-310 slide-205 msDefaultImage\" alt=\"\" rel=\"\" title=\"\" style=\"margin: 0 auto; width: 62.8997867804%\" srcset=\"https:\/\/www.modellbau-clauss.de\/wp-content\/uploads\/2016\/03\/faroarm-4.jpg 590w, https:\/\/www.modellbau-clauss.de\/wp-content\/uploads\/2016\/03\/faroarm-4-300x204.jpg 300w, https:\/\/www.modellbau-clauss.de\/wp-content\/uploads\/2016\/03\/faroarm-4-250x170.jpg 250w\" sizes=\"auto, (max-width: 590px) 100vw, 590px\" \/><\/li>\n            <\/ul>\n        <\/div>\n        \n    <\/div>\n<\/div>\n<p><strong>Messdienstleistung &amp; Qualit\u00e4tssicherung<\/strong><\/p>\n<p>Da wir sehr auf Qualit\u00e4t unserer Produkte bedacht sind, wird jedes vor Auslieferung einer Qualit\u00e4ts- und Ma\u00dfkontrolle unterzogen. Bei Bedarf wird mittels Messarm oder St\u00e4ndermessmaschine die Geometrie mit dem Datensatz verglichen und somit eine Soll-Ist-Auswertung anschaulich per Messprotokoll ausgegeben.<\/p>\n<p>Nat\u00fcrlich stehen wir mit unseren Messger\u00e4ten auch f\u00fcr Messdienstleistungen bereit, die entweder bei uns im Haus oder vor Ort beim Kunden erfolgen k\u00f6nnen. Auf unserer Zett-Mess-St\u00e4ndermessmaschine ist es uns m\u00f6glich in einem Bereich von 2.500 x 1.500 x 1.500 mm zum Beispiel Gussteile zu vermessen, anzurei\u00dfen und zu dokumentieren.<br \/>\nDank unserer beiden Messarme, Faro Edge und Faro Gage, k\u00f6nnen wir auch direkt vor Ort Vermessungen in einem Durchmesser von bis zu 3.700 mm pr\u00e4zise und wirtschaftlich durchf\u00fchren. Unterst\u00fctzt werden wir dabei durch die 3D-Mess-Software \u00bbPower Inspect\u00ab und \u00bbPolyWorks\u00ab, womit wir in der Lage sind, die Messergebnisse anschaulich und leicht nachvollziehbar zu dokumentieren.<\/p>\n<p>Durch unseren &#8222;Faro Laser Line Probe HD&#8220; ist es uns m\u00f6glich, komplizierte Konturen im Messbereich des Faro Edge Armes zu digitalisieren und die daraus entstandene<br \/>\nPunktewolke weiter zu verarbeiten.<\/p>\n","protected":false},"excerpt":{"rendered":"<p>Messdienstleistung &amp; Qualit\u00e4tssicherung Da wir sehr auf Qualit\u00e4t unserer Produkte bedacht sind, wird jedes vor Auslieferung einer Qualit\u00e4ts- und Ma\u00dfkontrolle unterzogen. Bei Bedarf wird mittels Messarm oder St\u00e4ndermessmaschine die Geometrie mit dem<a class=\"moretag\" href=\"https:\/\/www.modellbau-clauss.de\/index.php\/leistungen\/messdienstleistung\/\">Read More&#8230;<\/a><\/p>\n","protected":false},"author":1,"featured_media":0,"parent":42,"menu_order":2,"comment_status":"closed","ping_status":"closed","template":"","meta":{"footnotes":""},"class_list":["post-54","page","type-page","status-publish","hentry"],"_links":{"self":[{"href":"https:\/\/www.modellbau-clauss.de\/index.php\/wp-json\/wp\/v2\/pages\/54","targetHints":{"allow":["GET"]}}],"collection":[{"href":"https:\/\/www.modellbau-clauss.de\/index.php\/wp-json\/wp\/v2\/pages"}],"about":[{"href":"https:\/\/www.modellbau-clauss.de\/index.php\/wp-json\/wp\/v2\/types\/page"}],"author":[{"embeddable":true,"href":"https:\/\/www.modellbau-clauss.de\/index.php\/wp-json\/wp\/v2\/users\/1"}],"replies":[{"embeddable":true,"href":"https:\/\/www.modellbau-clauss.de\/index.php\/wp-json\/wp\/v2\/comments?post=54"}],"version-history":[{"count":0,"href":"https:\/\/www.modellbau-clauss.de\/index.php\/wp-json\/wp\/v2\/pages\/54\/revisions"}],"up":[{"embeddable":true,"href":"https:\/\/www.modellbau-clauss.de\/index.php\/wp-json\/wp\/v2\/pages\/42"}],"wp:attachment":[{"href":"https:\/\/www.modellbau-clauss.de\/index.php\/wp-json\/wp\/v2\/media?parent=54"}],"curies":[{"name":"wp","href":"https:\/\/api.w.org\/{rel}","templated":true}]}}