{"id":56,"date":"2016-03-21T12:01:18","date_gmt":"2016-03-21T11:01:18","guid":{"rendered":"http:\/\/test.modellbau-clauss.de\/?page_id=56"},"modified":"2020-12-08T09:48:28","modified_gmt":"2020-12-08T08:48:28","slug":"konstruktion","status":"publish","type":"page","link":"https:\/\/www.modellbau-clauss.de\/index.php\/leistungen\/konstruktion\/","title":{"rendered":"Konstruktion"},"content":{"rendered":"<div id=\"metaslider-id-354\" style=\"max-width: 700px;\" class=\"ml-slider-3-108-0 metaslider metaslider-flex metaslider-354 ml-slider has-dots-nav ms-theme-default\" role=\"region\" aria-label=\"Dia-Konstruktion\" data-height=\"300\" data-width=\"700\">\n    <div id=\"metaslider_container_354\">\n        <div id=\"metaslider_354\">\n            <ul class='slides'>\n                <li style=\"display: block; width: 100%;\" class=\"slide-195 ms-image \" aria-roledescription=\"slide\" data-date=\"2016-03-28 16:43:06\" data-filename=\"Visi-neu-Large.jpg\" data-slide-type=\"image\"><img loading=\"lazy\" decoding=\"async\" width=\"1024\" height=\"570\" src=\"https:\/\/www.modellbau-clauss.de\/wp-content\/uploads\/2016\/03\/Visi-neu-Large.jpg\" class=\"slider-354 slide-195 msDefaultImage\" alt=\"\" rel=\"\" title=\"\" style=\"margin: 0 auto; width: 76.992481203%\" srcset=\"https:\/\/www.modellbau-clauss.de\/wp-content\/uploads\/2016\/03\/Visi-neu-Large.jpg 1024w, https:\/\/www.modellbau-clauss.de\/wp-content\/uploads\/2016\/03\/Visi-neu-Large-300x167.jpg 300w, https:\/\/www.modellbau-clauss.de\/wp-content\/uploads\/2016\/03\/Visi-neu-Large-768x428.jpg 768w, https:\/\/www.modellbau-clauss.de\/wp-content\/uploads\/2016\/03\/Visi-neu-Large-250x139.jpg 250w\" sizes=\"auto, (max-width: 1024px) 100vw, 1024px\" \/><\/li>\n                <li style=\"display: none; width: 100%;\" class=\"slide-194 ms-image \" aria-roledescription=\"slide\" data-date=\"2016-03-28 16:43:05\" data-filename=\"Pictures.jpg\" data-slide-type=\"image\"><img loading=\"lazy\" decoding=\"async\" width=\"1024\" height=\"768\" src=\"https:\/\/www.modellbau-clauss.de\/wp-content\/uploads\/2016\/03\/Pictures.jpg\" class=\"slider-354 slide-194 msDefaultImage\" alt=\"\" rel=\"\" title=\"\" style=\"margin: 0 auto; width: 57.1428571429%\" srcset=\"https:\/\/www.modellbau-clauss.de\/wp-content\/uploads\/2016\/03\/Pictures.jpg 1024w, https:\/\/www.modellbau-clauss.de\/wp-content\/uploads\/2016\/03\/Pictures-300x225.jpg 300w, https:\/\/www.modellbau-clauss.de\/wp-content\/uploads\/2016\/03\/Pictures-768x576.jpg 768w, https:\/\/www.modellbau-clauss.de\/wp-content\/uploads\/2016\/03\/Pictures-250x188.jpg 250w\" sizes=\"auto, (max-width: 1024px) 100vw, 1024px\" \/><\/li>\n                <li style=\"display: none; width: 100%;\" class=\"slide-193 ms-image \" aria-roledescription=\"slide\" data-date=\"2016-03-28 16:43:02\" data-filename=\"KK-Explosionsdarstellung.jpg\" data-slide-type=\"image\"><img loading=\"lazy\" decoding=\"async\" width=\"816\" height=\"841\" src=\"https:\/\/www.modellbau-clauss.de\/wp-content\/uploads\/2016\/03\/KK-Explosionsdarstellung.jpg\" class=\"slider-354 slide-193 msDefaultImage\" alt=\"\" rel=\"\" title=\"\" style=\"margin: 0 auto; width: 41.583149312%\" srcset=\"https:\/\/www.modellbau-clauss.de\/wp-content\/uploads\/2016\/03\/KK-Explosionsdarstellung.jpg 816w, https:\/\/www.modellbau-clauss.de\/wp-content\/uploads\/2016\/03\/KK-Explosionsdarstellung-291x300.jpg 291w, https:\/\/www.modellbau-clauss.de\/wp-content\/uploads\/2016\/03\/KK-Explosionsdarstellung-768x792.jpg 768w, https:\/\/www.modellbau-clauss.de\/wp-content\/uploads\/2016\/03\/KK-Explosionsdarstellung-250x258.jpg 250w\" sizes=\"auto, (max-width: 816px) 100vw, 816px\" \/><\/li>\n            <\/ul>\n        <\/div>\n        \n    <\/div>\n<\/div>\n<p><strong>Konstruktion<\/strong><\/p>\n<p>Selbstverst\u00e4ndlich findet die Konstruktion unserer Modelle, Formen und Prototypen bei uns im Hause statt. Daf\u00fcr sind wir bestens ausger\u00fcstet mit modernen, immer auf dem neusten Stand befindlichen 3D-CAD\/CAM-Systemen, wie VISI, Tebis und Pictures by PC. Auf unseren derzeit zehn Arbeitspl\u00e4tzen sind wir in der Lage auch Konstruktions- und Programmierdienstleistungen anzubieten. Daten in den Formaten * STEP * ACIS * Pro-E * IGES * VDA * k\u00f6nnen verarbeitet werden.<\/p>\n","protected":false},"excerpt":{"rendered":"<p>Konstruktion Selbstverst\u00e4ndlich findet die Konstruktion unserer Modelle, Formen und Prototypen bei uns im Hause statt. Daf\u00fcr sind wir bestens ausger\u00fcstet mit modernen, immer auf dem neusten Stand befindlichen 3D-CAD\/CAM-Systemen, wie VISI, Tebis<a class=\"moretag\" href=\"https:\/\/www.modellbau-clauss.de\/index.php\/leistungen\/konstruktion\/\">Read More&#8230;<\/a><\/p>\n","protected":false},"author":1,"featured_media":0,"parent":42,"menu_order":3,"comment_status":"closed","ping_status":"closed","template":"","meta":{"footnotes":""},"class_list":["post-56","page","type-page","status-publish","hentry"],"_links":{"self":[{"href":"https:\/\/www.modellbau-clauss.de\/index.php\/wp-json\/wp\/v2\/pages\/56","targetHints":{"allow":["GET"]}}],"collection":[{"href":"https:\/\/www.modellbau-clauss.de\/index.php\/wp-json\/wp\/v2\/pages"}],"about":[{"href":"https:\/\/www.modellbau-clauss.de\/index.php\/wp-json\/wp\/v2\/types\/page"}],"author":[{"embeddable":true,"href":"https:\/\/www.modellbau-clauss.de\/index.php\/wp-json\/wp\/v2\/users\/1"}],"replies":[{"embeddable":true,"href":"https:\/\/www.modellbau-clauss.de\/index.php\/wp-json\/wp\/v2\/comments?post=56"}],"version-history":[{"count":1,"href":"https:\/\/www.modellbau-clauss.de\/index.php\/wp-json\/wp\/v2\/pages\/56\/revisions"}],"predecessor-version":[{"id":1068,"href":"https:\/\/www.modellbau-clauss.de\/index.php\/wp-json\/wp\/v2\/pages\/56\/revisions\/1068"}],"up":[{"embeddable":true,"href":"https:\/\/www.modellbau-clauss.de\/index.php\/wp-json\/wp\/v2\/pages\/42"}],"wp:attachment":[{"href":"https:\/\/www.modellbau-clauss.de\/index.php\/wp-json\/wp\/v2\/media?parent=56"}],"curies":[{"name":"wp","href":"https:\/\/api.w.org\/{rel}","templated":true}]}}