{"id":58,"date":"2016-03-21T12:01:38","date_gmt":"2016-03-21T11:01:38","guid":{"rendered":"http:\/\/test.modellbau-clauss.de\/?page_id=58"},"modified":"2023-11-15T11:30:43","modified_gmt":"2023-11-15T10:30:43","slug":"holzmodelle","status":"publish","type":"page","link":"https:\/\/www.modellbau-clauss.de\/index.php\/produkte\/giessereimodellebau\/holzmodelle\/","title":{"rendered":"Holzmodelle"},"content":{"rendered":"<div id=\"metaslider-id-218\" style=\"max-width: 700px;\" class=\"ml-slider-3-108-0 metaslider metaslider-flex metaslider-218 ml-slider has-dots-nav ms-theme-default\" role=\"region\" aria-label=\"Dia-Holzmodell\" data-height=\"300\" data-width=\"700\">\n    <div id=\"metaslider_container_218\">\n        <div id=\"metaslider_218\">\n            <ul class='slides'>\n                <li style=\"display: block; width: 100%;\" class=\"slide-210 ms-image \" aria-roledescription=\"slide\" data-date=\"2016-03-28 16:45:49\" data-filename=\"Holzmodell_3-700x300.jpg\" data-slide-type=\"image\"><img loading=\"lazy\" decoding=\"async\" src=\"https:\/\/www.modellbau-clauss.de\/wp-content\/uploads\/2016\/03\/Holzmodell_3-700x300.jpg\" height=\"300\" width=\"700\" alt=\"\" class=\"slider-218 slide-210 msDefaultImage\" \/><div class=\"caption-wrap\"><div class=\"caption\">Handmodelle in den verschiedensten Gr\u00f6\u00dfen und Ausf\u00fchrungen<\/div><\/div><\/li>\n                <li style=\"display: none; width: 100%;\" class=\"slide-214 ms-image \" aria-roledescription=\"slide\" data-date=\"2016-03-28 16:46:54\" data-filename=\"P1000216-700x300.jpg\" data-slide-type=\"image\"><img loading=\"lazy\" decoding=\"async\" src=\"https:\/\/www.modellbau-clauss.de\/wp-content\/uploads\/2016\/03\/P1000216-700x300.jpg\" height=\"300\" width=\"700\" alt=\"\" class=\"slider-218 slide-214 msDefaultImage\" \/><div class=\"caption-wrap\"><div class=\"caption\">Gro\u00dfmodelle der Verschiedensten Schwierigkeitsgrade<\/div><\/div><\/li>\n                <li style=\"display: none; width: 100%;\" class=\"slide-209 ms-image \" aria-roledescription=\"slide\" data-date=\"2016-03-28 16:45:35\" data-filename=\"Holzmodell_2-700x300.jpg\" data-slide-type=\"image\"><img loading=\"lazy\" decoding=\"async\" src=\"https:\/\/www.modellbau-clauss.de\/wp-content\/uploads\/2016\/03\/Holzmodell_2-700x300.jpg\" height=\"300\" width=\"700\" alt=\"\" class=\"slider-218 slide-209 msDefaultImage\" \/><div class=\"caption-wrap\"><div class=\"caption\"> je nach Wunsch auf Modellplatten oder Tr\u00e4gersystemen <\/div><\/div><\/li>\n                <li style=\"display: none; width: 100%;\" class=\"slide-208 ms-image \" aria-roledescription=\"slide\" data-date=\"2016-03-28 16:45:22\" data-filename=\"Holzmodell_1-700x300.jpg\" data-slide-type=\"image\"><img loading=\"lazy\" decoding=\"async\" src=\"https:\/\/www.modellbau-clauss.de\/wp-content\/uploads\/2016\/03\/Holzmodell_1-700x300.jpg\" height=\"300\" width=\"700\" alt=\"\" class=\"slider-218 slide-208 msDefaultImage\" \/><div class=\"caption-wrap\"><div class=\"caption\"> je nach Wunsch auf Modellplatten oder Tr\u00e4gersystemen <\/div><\/div><\/li>\n            <\/ul>\n        <\/div>\n        \n    <\/div>\n<\/div>\n\n\n\n<p><strong>Gie\u00dfereimodelle aus Holz<\/strong><\/p>\n\n\n\n<p>Auf ca. 3.200 m\u00b2 Produktionsfl\u00e4che fertigen wir Holzmodelle beliebiger Gr\u00f6\u00dfe und Schwierigkeitsgrade. Dabei setzen wir unsere langj\u00e4hrige Erfahrung besonders auf den Werkzeug-, Allgemein und Energiemaschinensektor sowie dem Fahrzeugbau ein. Bei Bedarf werden die Modelle auf Formplatten montiert und komplett mit Gie\u00df-und Speisersystem ausgestattet.<br>Auf Kundenwunsch k\u00f6nnen in die Modellplatten und Kernk\u00e4sten auch hydraulische und pneumatische Aushebe- und Abdr\u00fcckvorrichtungen eingebaut werden.<br>Je nach Konturbeschaffenheit, Schwierigkeitsgrad und bereitgestellter Unterlagen werden die Modelle bei uns entweder mittels modernster CNC-Technik oder von einem Team erfahrener Modellbauer auf konventionelle Art und Weise hergestellt.<\/p>\n\n\n<div class=\"wp-block-image\">\n<figure class=\"alignleft\"><img loading=\"lazy\" decoding=\"async\" width=\"300\" height=\"200\" src=\"https:\/\/www.modellbau-clauss.de\/wp-content\/uploads\/2023\/04\/Clauss_316-300x200.jpg\" alt=\"\" class=\"wp-image-1190\" srcset=\"https:\/\/www.modellbau-clauss.de\/wp-content\/uploads\/2023\/04\/Clauss_316-300x200.jpg 300w, https:\/\/www.modellbau-clauss.de\/wp-content\/uploads\/2023\/04\/Clauss_316-1024x683.jpg 1024w, https:\/\/www.modellbau-clauss.de\/wp-content\/uploads\/2023\/04\/Clauss_316-768x512.jpg 768w, https:\/\/www.modellbau-clauss.de\/wp-content\/uploads\/2023\/04\/Clauss_316-1536x1024.jpg 1536w, https:\/\/www.modellbau-clauss.de\/wp-content\/uploads\/2023\/04\/Clauss_316-2048x1365.jpg 2048w\" sizes=\"auto, (max-width: 300px) 100vw, 300px\" \/><\/figure>\n<\/div>\n\n<div class=\"wp-block-image\">\n<figure class=\"alignleft\"><img loading=\"lazy\" decoding=\"async\" width=\"300\" height=\"200\" src=\"https:\/\/www.modellbau-clauss.de\/wp-content\/uploads\/2023\/04\/Clauss_318-300x200.jpg\" alt=\"\" class=\"wp-image-1191\" srcset=\"https:\/\/www.modellbau-clauss.de\/wp-content\/uploads\/2023\/04\/Clauss_318-300x200.jpg 300w, https:\/\/www.modellbau-clauss.de\/wp-content\/uploads\/2023\/04\/Clauss_318-1024x683.jpg 1024w, https:\/\/www.modellbau-clauss.de\/wp-content\/uploads\/2023\/04\/Clauss_318-768x512.jpg 768w, https:\/\/www.modellbau-clauss.de\/wp-content\/uploads\/2023\/04\/Clauss_318-1536x1024.jpg 1536w, https:\/\/www.modellbau-clauss.de\/wp-content\/uploads\/2023\/04\/Clauss_318-2048x1365.jpg 2048w\" sizes=\"auto, (max-width: 300px) 100vw, 300px\" \/><\/figure>\n<\/div>\n\n<div class=\"wp-block-image\">\n<figure class=\"alignleft\"><img loading=\"lazy\" decoding=\"async\" width=\"300\" height=\"200\" src=\"https:\/\/www.modellbau-clauss.de\/wp-content\/uploads\/2023\/04\/Clauss_314-300x200.jpg\" alt=\"\" class=\"wp-image-1189\" srcset=\"https:\/\/www.modellbau-clauss.de\/wp-content\/uploads\/2023\/04\/Clauss_314-300x200.jpg 300w, https:\/\/www.modellbau-clauss.de\/wp-content\/uploads\/2023\/04\/Clauss_314-1024x683.jpg 1024w, https:\/\/www.modellbau-clauss.de\/wp-content\/uploads\/2023\/04\/Clauss_314-768x512.jpg 768w, https:\/\/www.modellbau-clauss.de\/wp-content\/uploads\/2023\/04\/Clauss_314-1536x1024.jpg 1536w, https:\/\/www.modellbau-clauss.de\/wp-content\/uploads\/2023\/04\/Clauss_314-2048x1365.jpg 2048w\" sizes=\"auto, (max-width: 300px) 100vw, 300px\" \/><\/figure>\n<\/div>","protected":false},"excerpt":{"rendered":"<p>Gie\u00dfereimodelle aus Holz Auf ca. 3.200 m\u00b2 Produktionsfl\u00e4che fertigen wir Holzmodelle beliebiger Gr\u00f6\u00dfe und Schwierigkeitsgrade. Dabei setzen wir unsere langj\u00e4hrige Erfahrung besonders auf den Werkzeug-, Allgemein und Energiemaschinensektor sowie dem Fahrzeugbau ein.<a class=\"moretag\" href=\"https:\/\/www.modellbau-clauss.de\/index.php\/produkte\/giessereimodellebau\/holzmodelle\/\">Read More&#8230;<\/a><\/p>\n","protected":false},"author":1,"featured_media":0,"parent":444,"menu_order":1,"comment_status":"closed","ping_status":"closed","template":"","meta":{"footnotes":""},"class_list":["post-58","page","type-page","status-publish","hentry"],"_links":{"self":[{"href":"https:\/\/www.modellbau-clauss.de\/index.php\/wp-json\/wp\/v2\/pages\/58","targetHints":{"allow":["GET"]}}],"collection":[{"href":"https:\/\/www.modellbau-clauss.de\/index.php\/wp-json\/wp\/v2\/pages"}],"about":[{"href":"https:\/\/www.modellbau-clauss.de\/index.php\/wp-json\/wp\/v2\/types\/page"}],"author":[{"embeddable":true,"href":"https:\/\/www.modellbau-clauss.de\/index.php\/wp-json\/wp\/v2\/users\/1"}],"replies":[{"embeddable":true,"href":"https:\/\/www.modellbau-clauss.de\/index.php\/wp-json\/wp\/v2\/comments?post=58"}],"version-history":[{"count":4,"href":"https:\/\/www.modellbau-clauss.de\/index.php\/wp-json\/wp\/v2\/pages\/58\/revisions"}],"predecessor-version":[{"id":1698,"href":"https:\/\/www.modellbau-clauss.de\/index.php\/wp-json\/wp\/v2\/pages\/58\/revisions\/1698"}],"up":[{"embeddable":true,"href":"https:\/\/www.modellbau-clauss.de\/index.php\/wp-json\/wp\/v2\/pages\/444"}],"wp:attachment":[{"href":"https:\/\/www.modellbau-clauss.de\/index.php\/wp-json\/wp\/v2\/media?parent=58"}],"curies":[{"name":"wp","href":"https:\/\/api.w.org\/{rel}","templated":true}]}}