{"id":60,"date":"2016-03-21T12:01:51","date_gmt":"2016-03-21T11:01:51","guid":{"rendered":"http:\/\/test.modellbau-clauss.de\/?page_id=60"},"modified":"2017-01-15T15:12:37","modified_gmt":"2017-01-15T14:12:37","slug":"kunststoffmodelle","status":"publish","type":"page","link":"https:\/\/www.modellbau-clauss.de\/index.php\/produkte\/giessereimodellebau\/kunststoffmodelle\/","title":{"rendered":"Kunststoffmodelle"},"content":{"rendered":"<div id=\"metaslider-id-364\" style=\"max-width: 700px;\" class=\"ml-slider-3-108-0 metaslider metaslider-flex metaslider-364 ml-slider has-dots-nav ms-theme-default\" role=\"region\" aria-label=\"Dia-Kunststoff\" data-height=\"300\" data-width=\"700\">\n    <div id=\"metaslider_container_364\">\n        <div id=\"metaslider_364\">\n            <ul class='slides'>\n                <li style=\"display: block; width: 100%;\" class=\"slide-182 ms-image \" aria-roledescription=\"slide\" data-date=\"2016-03-28 16:37:31\" data-filename=\"Kunststoffmodell-auf-FZ25-700x300.jpg\" data-slide-type=\"image\"><img loading=\"lazy\" decoding=\"async\" src=\"https:\/\/www.modellbau-clauss.de\/wp-content\/uploads\/2016\/03\/Kunststoffmodell-auf-FZ25-700x300.jpg\" height=\"300\" width=\"700\" alt=\"\" class=\"slider-364 slide-182 msDefaultImage\" \/><div class=\"caption-wrap\"><div class=\"caption\">Fertigung auf Hochdynamischen Anlagen<\/div><\/div><\/li>\n                <li style=\"display: none; width: 100%;\" class=\"slide-628 ms-image \" aria-roledescription=\"slide\" data-date=\"2017-08-25 11:25:41\" data-filename=\"IMG_0211-700x300.jpg\" data-slide-type=\"image\"><img loading=\"lazy\" decoding=\"async\" src=\"https:\/\/www.modellbau-clauss.de\/wp-content\/uploads\/2017\/08\/IMG_0211-700x300.jpg\" height=\"300\" width=\"700\" alt=\"\" class=\"slider-364 slide-628 msDefaultImage\" \/><div class=\"caption-wrap\"><div class=\"caption\">Herstellung  Dffizieler Konturen<\/div><\/div><\/li>\n                <li style=\"display: none; width: 100%;\" class=\"slide-215 ms-image \" aria-roledescription=\"slide\" data-date=\"2016-03-28 16:47:07\" data-filename=\"Rippenteil-aus-Kunststoffblockmaterial-700x300.jpg\" data-slide-type=\"image\"><img loading=\"lazy\" decoding=\"async\" src=\"https:\/\/www.modellbau-clauss.de\/wp-content\/uploads\/2016\/03\/Rippenteil-aus-Kunststoffblockmaterial-700x300.jpg\" height=\"300\" width=\"700\" alt=\"\" class=\"slider-364 slide-215 msDefaultImage\" \/><div class=\"caption-wrap\"><div class=\"caption\">Herstellung  Dffizieler Konturen<\/div><\/div><\/li>\n                <li style=\"display: none; width: 100%;\" class=\"slide-211 ms-image \" aria-roledescription=\"slide\" data-date=\"2016-03-28 16:46:03\" data-filename=\"Kunstharzkernkasten-im-Frontschichtguss-700x300.jpg\" data-slide-type=\"image\"><img loading=\"lazy\" decoding=\"async\" src=\"https:\/\/www.modellbau-clauss.de\/wp-content\/uploads\/2016\/03\/Kunstharzkernkasten-im-Frontschichtguss-700x300.jpg\" height=\"300\" width=\"700\" alt=\"\" class=\"slider-364 slide-211 msDefaultImage\" \/><div class=\"caption-wrap\"><div class=\"caption\">Kernk\u00e4sten f\u00fcr Verschiedene Anlagen <\/div><\/div><\/li>\n                <li style=\"display: none; width: 100%;\" class=\"slide-213 ms-image \" aria-roledescription=\"slide\" data-date=\"2016-03-28 16:46:16\" data-filename=\"Modellplatte-mit-Kunststoffmodellen-700x300.jpg\" data-slide-type=\"image\"><img loading=\"lazy\" decoding=\"async\" src=\"https:\/\/www.modellbau-clauss.de\/wp-content\/uploads\/2016\/03\/Modellplatte-mit-Kunststoffmodellen-700x300.jpg\" height=\"300\" width=\"700\" alt=\"\" class=\"slider-364 slide-213 msDefaultImage\" \/><div class=\"caption-wrap\"><div class=\"caption\">Modelle aller Schwierigkeitsklassen und Anwendungen<\/div><\/div><\/li>\n            <\/ul>\n        <\/div>\n        \n    <\/div>\n<\/div>\n<p><strong>Gie\u00dfereimodelle aus Kunststoff<\/strong><\/p>\n<p>F\u00fcr den dauerhaften Einsatz oder f\u00fcr Gro\u00dfserienfertigung auf Formanlagen fertigen wir Modelleinrichtungen auch aus verschiedenen Kunststoffen, Gie\u00dfharzen, Blockmaterialien, Metall oder einer Gemischtbauweise.Kernk\u00e4sten k\u00f6nnen nach Vorgaben f\u00fcr die verschiedensten Kernschie\u00dfmaschinen in beliebiger Gr\u00f6\u00dfe und Ausf\u00fchrung hergestellt und angepasst werden. Sie k\u00f6nnen \u00fcber ein Negativ, im Frontschichtguss oder im Hinterf\u00fcllverfahren, aus Kunstharz gegossen oder direkt ins Blockmaterial gefr\u00e4st werden.<\/p>\n","protected":false},"excerpt":{"rendered":"<p>Gie\u00dfereimodelle aus Kunststoff F\u00fcr den dauerhaften Einsatz oder f\u00fcr Gro\u00dfserienfertigung auf Formanlagen fertigen wir Modelleinrichtungen auch aus verschiedenen Kunststoffen, Gie\u00dfharzen, Blockmaterialien, Metall oder einer Gemischtbauweise.Kernk\u00e4sten k\u00f6nnen nach Vorgaben f\u00fcr die verschiedensten Kernschie\u00dfmaschinen<a class=\"moretag\" href=\"https:\/\/www.modellbau-clauss.de\/index.php\/produkte\/giessereimodellebau\/kunststoffmodelle\/\">Read More&#8230;<\/a><\/p>\n","protected":false},"author":1,"featured_media":0,"parent":444,"menu_order":2,"comment_status":"closed","ping_status":"closed","template":"","meta":{"footnotes":""},"class_list":["post-60","page","type-page","status-publish","hentry"],"_links":{"self":[{"href":"https:\/\/www.modellbau-clauss.de\/index.php\/wp-json\/wp\/v2\/pages\/60","targetHints":{"allow":["GET"]}}],"collection":[{"href":"https:\/\/www.modellbau-clauss.de\/index.php\/wp-json\/wp\/v2\/pages"}],"about":[{"href":"https:\/\/www.modellbau-clauss.de\/index.php\/wp-json\/wp\/v2\/types\/page"}],"author":[{"embeddable":true,"href":"https:\/\/www.modellbau-clauss.de\/index.php\/wp-json\/wp\/v2\/users\/1"}],"replies":[{"embeddable":true,"href":"https:\/\/www.modellbau-clauss.de\/index.php\/wp-json\/wp\/v2\/comments?post=60"}],"version-history":[{"count":0,"href":"https:\/\/www.modellbau-clauss.de\/index.php\/wp-json\/wp\/v2\/pages\/60\/revisions"}],"up":[{"embeddable":true,"href":"https:\/\/www.modellbau-clauss.de\/index.php\/wp-json\/wp\/v2\/pages\/444"}],"wp:attachment":[{"href":"https:\/\/www.modellbau-clauss.de\/index.php\/wp-json\/wp\/v2\/media?parent=60"}],"curies":[{"name":"wp","href":"https:\/\/api.w.org\/{rel}","templated":true}]}}